{"id":25,"date":"2023-12-05T00:33:26","date_gmt":"2023-12-05T00:33:26","guid":{"rendered":"https:\/\/hostalomama.cl\/?page_id=25"},"modified":"2024-10-25T12:21:35","modified_gmt":"2024-10-25T12:21:35","slug":"nosotros","status":"publish","type":"page","link":"https:\/\/hostalomama.cl\/index.php\/nosotros\/","title":{"rendered":"Nosotros"},"content":{"rendered":"\n<h1 class=\"wp-block-heading has-text-align-center has-large-font-size\" id=\"inspiro-is-a-digital-product-agency-that-focuses-on-strategy-and-design\" style=\"font-style:normal;font-weight:100\">Hostal Omama<\/h1>\n\n\n\n<h2 class=\"wp-block-heading has-text-align-center\">Mi casa es tu casa<\/h2>\n\n\n\n<div class=\"wp-block-columns is-layout-flex wp-container-core-columns-is-layout-28f84493 wp-block-columns-is-layout-flex\">\n<div class=\"wp-block-column is-layout-flow wp-block-column-is-layout-flow\">\n<figure class=\"wp-block-image aligncenter size-full is-style-default\"><img fetchpriority=\"high\" decoding=\"async\" width=\"2560\" height=\"1440\" src=\"https:\/\/hostalomama.cl\/wp-content\/uploads\/2024\/10\/IMG_9280-scaled.jpg\" alt=\"\" class=\"wp-image-354\" srcset=\"https:\/\/hostalomama.cl\/wp-content\/uploads\/2024\/10\/IMG_9280-scaled.jpg 2560w, https:\/\/hostalomama.cl\/wp-content\/uploads\/2024\/10\/IMG_9280-300x169.jpg 300w, https:\/\/hostalomama.cl\/wp-content\/uploads\/2024\/10\/IMG_9280-1024x576.jpg 1024w, https:\/\/hostalomama.cl\/wp-content\/uploads\/2024\/10\/IMG_9280-2000x1125.jpg 2000w\" sizes=\"(max-width: 2560px) 100vw, 2560px\" \/><\/figure>\n\n\n\n<figure class=\"wp-block-image size-full\"><img decoding=\"async\" width=\"750\" height=\"340\" src=\"https:\/\/hostalomama.cl\/wp-content\/uploads\/2024\/10\/PHOTO-2024-04-05-16-39-49.jpg\" alt=\"\" class=\"wp-image-345\" srcset=\"https:\/\/hostalomama.cl\/wp-content\/uploads\/2024\/10\/PHOTO-2024-04-05-16-39-49.jpg 750w, https:\/\/hostalomama.cl\/wp-content\/uploads\/2024\/10\/PHOTO-2024-04-05-16-39-49-300x136.jpg 300w\" sizes=\"(max-width: 750px) 100vw, 750px\" \/><\/figure>\n\n\n\n<figure class=\"wp-block-image size-large\"><img decoding=\"async\" width=\"1024\" height=\"566\" src=\"https:\/\/hostalomama.cl\/wp-content\/uploads\/2024\/10\/PHOTO-2024-05-11-21-37-05-1024x566.jpg\" alt=\"\" class=\"wp-image-346\" srcset=\"https:\/\/hostalomama.cl\/wp-content\/uploads\/2024\/10\/PHOTO-2024-05-11-21-37-05-1024x566.jpg 1024w, https:\/\/hostalomama.cl\/wp-content\/uploads\/2024\/10\/PHOTO-2024-05-11-21-37-05-300x166.jpg 300w, https:\/\/hostalomama.cl\/wp-content\/uploads\/2024\/10\/PHOTO-2024-05-11-21-37-05.jpg 1600w\" sizes=\"(max-width: 1024px) 100vw, 1024px\" \/><\/figure>\n<\/div>\n\n\n\n<div class=\"wp-block-column is-layout-flow wp-block-column-is-layout-flow\">\n<p>La idea de este hostal nace del cari\u00f1o y hospitalidad de mis padres, quienes siempre recibieron con los brazos abiertos a visitas, parientes y amigos, encantados por la naturaleza y la tranquilidad que ofrece la ciudad de Traigu\u00e9n.<\/p>\n\n\n\n<p>Desde 2023, que mi mam\u00e1 ya no est\u00e1 con nosotros, decidimos dar nueva vida a esta casa, aprovechando todos sus encantos: sus amplios espacios, su hermoso jard\u00edn lleno de frutales y nuestra herencia y tradici\u00f3n alemana, repleta de deliciosas recetas familiares. Queremos compartir este maravilloso entorno con viajeros y hu\u00e9spedes que deseen vivir una experiencia aut\u00e9ntica.<\/p>\n\n\n\n<p>Estamos ubicados en un lugar privilegiado, cerca del r\u00edo y frente a los hermosos campos de Traigu\u00e9n, con el prop\u00f3sito de aportar al desarrollo tur\u00edstico de nuestra ciudad, que forma parte del #DestinoNahuelbuta, un proyecto que busca resaltar la belleza del territorio a los pies de la Cordillera de Nahuelbuta.<\/p>\n\n\n\n<p>En esta aventura me acompa\u00f1an mi esposo Fernando, un experto en la cocina que prepara deliciosos platillos tradicionales alemanes, y mi hermana Teresa, quien tiene un talento especial para las plantas. <\/p>\n\n\n\n<p>Juntos, esperamos brindarles una estad\u00eda inolvidable y compartir con ustedes nuestro cari\u00f1o por esta casa y su historia.<\/p>\n\n\n\n<p class=\"has-text-align-right\">Marcela Guarda Hannig<br><em>Anfitriona<\/em><\/p>\n<\/div>\n<\/div>\n\n\n\n<div class=\"wp-block-columns alignwide is-layout-flex wp-container-core-columns-is-layout-28f84493 wp-block-columns-is-layout-flex\">\n<div class=\"wp-block-column is-layout-flow wp-block-column-is-layout-flow\">\n<figure class=\"wp-block-gallery has-nested-images columns-default is-cropped wp-block-gallery-1 is-layout-flex wp-block-gallery-is-layout-flex\">\n<figure class=\"wp-block-image size-full\"><img loading=\"lazy\" decoding=\"async\" width=\"1537\" height=\"1025\" data-id=\"352\" src=\"https:\/\/hostalomama.cl\/wp-content\/uploads\/2024\/10\/WhatsApp-Image-2024-10-24-at-8.18.18-PM-edited.jpeg\" alt=\"\" class=\"wp-image-352\" style=\"aspect-ratio:1.5;object-fit:cover\" srcset=\"https:\/\/hostalomama.cl\/wp-content\/uploads\/2024\/10\/WhatsApp-Image-2024-10-24-at-8.18.18-PM-edited.jpeg 1537w, https:\/\/hostalomama.cl\/wp-content\/uploads\/2024\/10\/WhatsApp-Image-2024-10-24-at-8.18.18-PM-edited-300x200.jpeg 300w, https:\/\/hostalomama.cl\/wp-content\/uploads\/2024\/10\/WhatsApp-Image-2024-10-24-at-8.18.18-PM-edited-1024x683.jpeg 1024w, https:\/\/hostalomama.cl\/wp-content\/uploads\/2024\/10\/WhatsApp-Image-2024-10-24-at-8.18.18-PM-edited-600x400.jpeg 600w, https:\/\/hostalomama.cl\/wp-content\/uploads\/2024\/10\/WhatsApp-Image-2024-10-24-at-8.18.18-PM-edited-1200x800.jpeg 1200w\" sizes=\"(max-width: 1537px) 100vw, 1537px\" \/><\/figure>\n<\/figure>\n\n\n\n<p class=\"has-black-color has-text-color has-medium-font-size\">Connie y Coca<\/p>\n\n\n\n<p class=\"has-text-color\" style=\"color:#7a7a7a\">Connie y Coca son las princesas del hostal, verdaderas compa\u00f1eras de vida y fuente de amor genuino. Siempre est\u00e1n listas para recibir mimos y, si pueden, \u00a1conseguir un pedazo de jam\u00f3n! Son simp\u00e1ticas, cari\u00f1osas y har\u00e1n que te sientas parte de la familia desde el primer momento.<br><\/p>\n<\/div>\n\n\n\n<div class=\"wp-block-column is-layout-flow wp-block-column-is-layout-flow\">\n<figure class=\"wp-block-image size-full\"><img loading=\"lazy\" decoding=\"async\" width=\"900\" height=\"600\" src=\"https:\/\/hostalomama.cl\/wp-content\/uploads\/2023\/12\/nosotros-teresa_1.jpg\" alt=\"\" class=\"wp-image-81\" srcset=\"https:\/\/hostalomama.cl\/wp-content\/uploads\/2023\/12\/nosotros-teresa_1.jpg 900w, https:\/\/hostalomama.cl\/wp-content\/uploads\/2023\/12\/nosotros-teresa_1-300x200.jpg 300w, https:\/\/hostalomama.cl\/wp-content\/uploads\/2023\/12\/nosotros-teresa_1-600x400.jpg 600w\" sizes=\"(max-width: 900px) 100vw, 900px\" \/><\/figure>\n\n\n\n<p class=\"has-black-color has-text-color has-medium-font-size\">Teresa Guarda Hannig<\/p>\n\n\n\n<p class=\"has-text-color\" style=\"color:#7a7a7a\">\u00abSoy Traiguenina, aprend\u00ed a querer, cuidar y cultivar la flora de la zona y regiones aleda\u00f1as, reproduzco hierbas, suculentas, frutales y flores ornamentales, tambi\u00e9n te puedo ense\u00f1ar c\u00f3mo se cultivan&nbsp;y&nbsp;reproducen.\u00bb<\/p>\n<\/div>\n\n\n\n<div class=\"wp-block-column is-layout-flow wp-block-column-is-layout-flow\">\n<figure class=\"wp-block-image size-full\"><img loading=\"lazy\" decoding=\"async\" width=\"900\" height=\"600\" src=\"https:\/\/hostalomama.cl\/wp-content\/uploads\/2023\/12\/nosotros-fernando.jpg\" alt=\"\" class=\"wp-image-83\" srcset=\"https:\/\/hostalomama.cl\/wp-content\/uploads\/2023\/12\/nosotros-fernando.jpg 900w, https:\/\/hostalomama.cl\/wp-content\/uploads\/2023\/12\/nosotros-fernando-300x200.jpg 300w, https:\/\/hostalomama.cl\/wp-content\/uploads\/2023\/12\/nosotros-fernando-600x400.jpg 600w\" sizes=\"(max-width: 900px) 100vw, 900px\" \/><\/figure>\n\n\n\n<p class=\"has-black-color has-text-color has-medium-font-size\">Fernando Mora<\/p>\n\n\n\n<p class=\"has-text-color\" style=\"color:#7a7a7a\">\u00abHe recorrido toda Latinoam\u00e9rica y he hecho de todo por mi familia, y ahora estoy siguiendo mi verdadera pasi\u00f3n: crear productos artesanales. Entre ellos, preparo jamones, chucrut y otras delicias. Si te interesa saber m\u00e1s o probar alguno de mis productos, \u00a1No dudes en preguntarme!.\u00bb<\/p>\n<\/div>\n<\/div>\n\n\n\n<h3 class=\"wp-block-heading has-large-font-size\" id=\"inspiro-is-a-digital-product-agency-that-focuses-on-strategy-and-desig\" style=\"font-weight:300\">Showreel<\/h3>\n\n\n\n<figure class=\"wp-block-embed alignwide is-type-video is-provider-youtube wp-block-embed-youtube wp-embed-aspect-16-9 wp-has-aspect-ratio\"><div class=\"wp-block-embed__wrapper\">\n<iframe title=\"01 Video Cierre Traigu\u00e9n\" width=\"950\" height=\"534\" src=\"https:\/\/www.youtube.com\/embed\/7GVKAQ4BBdU?feature=oembed\" frameborder=\"0\" allow=\"accelerometer; autoplay; clipboard-write; encrypted-media; gyroscope; picture-in-picture; web-share\" referrerpolicy=\"strict-origin-when-cross-origin\" allowfullscreen><\/iframe>\n<\/div><\/figure>\n\n\n\n<div style=\"height:100px\" aria-hidden=\"true\" class=\"wp-block-spacer\"><\/div>\n\n\n\n<p><\/p>\n","protected":false},"excerpt":{"rendered":"<p>Hostal Omama Mi casa es tu casa La idea de este hostal nace del cari\u00f1o y hospitalidad de mis padres, quienes siempre recibieron con los brazos abiertos a visitas, parientes y amigos, encantados por la naturaleza y la tranquilidad que ofrece la ciudad de Traigu\u00e9n. Desde 2023, que mi mam\u00e1 ya no est\u00e1 con nosotros, &hellip; <\/p>\n<p class=\"link-more\"><a href=\"https:\/\/hostalomama.cl\/index.php\/nosotros\/\" class=\"more-link\">Leer m\u00e1s<span class=\"screen-reader-text\"> \u00abNosotros\u00bb<\/span><\/a><\/p>\n","protected":false},"author":1,"featured_media":91,"parent":0,"menu_order":0,"comment_status":"closed","ping_status":"closed","template":"","meta":{"footnotes":""},"class_list":["post-25","page","type-page","status-publish","has-post-thumbnail","hentry"],"yoast_head":"<!-- This site is optimized with the Yoast SEO plugin v27.4 - https:\/\/yoast.com\/product\/yoast-seo-wordpress\/ -->\n<title>Nosotros - Hostal Omama Traigu\u00e9n<\/title>\n<meta name=\"robots\" content=\"index, follow, max-snippet:-1, max-image-preview:large, max-video-preview:-1\" \/>\n<link rel=\"canonical\" href=\"https:\/\/hostalomama.cl\/index.php\/nosotros\/\" \/>\n<meta property=\"og:locale\" content=\"es_ES\" \/>\n<meta property=\"og:type\" content=\"article\" \/>\n<meta property=\"og:title\" content=\"Nosotros - Hostal Omama Traigu\u00e9n\" \/>\n<meta property=\"og:description\" content=\"Hostal Omama Mi casa es tu casa La idea de este hostal nace del cari\u00f1o y hospitalidad de mis padres, quienes siempre recibieron con los brazos abiertos a visitas, parientes y amigos, encantados por la naturaleza y la tranquilidad que ofrece la ciudad de Traigu\u00e9n. Desde 2023, que mi mam\u00e1 ya no est\u00e1 con nosotros, &hellip; Leer m\u00e1s \u00abNosotros\u00bb\" \/>\n<meta property=\"og:url\" content=\"https:\/\/hostalomama.cl\/index.php\/nosotros\/\" \/>\n<meta property=\"og:site_name\" content=\"Hostal Omama Traigu\u00e9n\" \/>\n<meta property=\"article:modified_time\" content=\"2024-10-25T12:21:35+00:00\" \/>\n<meta property=\"og:image\" content=\"https:\/\/hostalomama.cl\/wp-content\/uploads\/2023\/12\/Imagen-de-WhatsApp-2023-12-08-a-las-13.18.22_7a63bb99.jpg\" \/>\n\t<meta property=\"og:image:width\" content=\"1024\" \/>\n\t<meta property=\"og:image:height\" content=\"576\" \/>\n\t<meta property=\"og:image:type\" content=\"image\/jpeg\" \/>\n<meta name=\"twitter:card\" content=\"summary_large_image\" \/>\n<meta name=\"twitter:label1\" content=\"Tiempo de lectura\" \/>\n\t<meta name=\"twitter:data1\" content=\"3 minutos\" \/>\n<script type=\"application\/ld+json\" class=\"yoast-schema-graph\">{\"@context\":\"https:\\\/\\\/schema.org\",\"@graph\":[{\"@type\":\"WebPage\",\"@id\":\"https:\\\/\\\/hostalomama.cl\\\/index.php\\\/nosotros\\\/\",\"url\":\"https:\\\/\\\/hostalomama.cl\\\/index.php\\\/nosotros\\\/\",\"name\":\"Nosotros - Hostal Omama Traigu\u00e9n\",\"isPartOf\":{\"@id\":\"https:\\\/\\\/hostalomama.cl\\\/#website\"},\"primaryImageOfPage\":{\"@id\":\"https:\\\/\\\/hostalomama.cl\\\/index.php\\\/nosotros\\\/#primaryimage\"},\"image\":{\"@id\":\"https:\\\/\\\/hostalomama.cl\\\/index.php\\\/nosotros\\\/#primaryimage\"},\"thumbnailUrl\":\"https:\\\/\\\/hostalomama.cl\\\/wp-content\\\/uploads\\\/2023\\\/12\\\/Imagen-de-WhatsApp-2023-12-08-a-las-13.18.22_7a63bb99.jpg\",\"datePublished\":\"2023-12-05T00:33:26+00:00\",\"dateModified\":\"2024-10-25T12:21:35+00:00\",\"breadcrumb\":{\"@id\":\"https:\\\/\\\/hostalomama.cl\\\/index.php\\\/nosotros\\\/#breadcrumb\"},\"inLanguage\":\"es\",\"potentialAction\":[{\"@type\":\"ReadAction\",\"target\":[\"https:\\\/\\\/hostalomama.cl\\\/index.php\\\/nosotros\\\/\"]}]},{\"@type\":\"ImageObject\",\"inLanguage\":\"es\",\"@id\":\"https:\\\/\\\/hostalomama.cl\\\/index.php\\\/nosotros\\\/#primaryimage\",\"url\":\"https:\\\/\\\/hostalomama.cl\\\/wp-content\\\/uploads\\\/2023\\\/12\\\/Imagen-de-WhatsApp-2023-12-08-a-las-13.18.22_7a63bb99.jpg\",\"contentUrl\":\"https:\\\/\\\/hostalomama.cl\\\/wp-content\\\/uploads\\\/2023\\\/12\\\/Imagen-de-WhatsApp-2023-12-08-a-las-13.18.22_7a63bb99.jpg\",\"width\":1024,\"height\":576},{\"@type\":\"BreadcrumbList\",\"@id\":\"https:\\\/\\\/hostalomama.cl\\\/index.php\\\/nosotros\\\/#breadcrumb\",\"itemListElement\":[{\"@type\":\"ListItem\",\"position\":1,\"name\":\"Portada\",\"item\":\"https:\\\/\\\/hostalomama.cl\\\/\"},{\"@type\":\"ListItem\",\"position\":2,\"name\":\"Nosotros\"}]},{\"@type\":\"WebSite\",\"@id\":\"https:\\\/\\\/hostalomama.cl\\\/#website\",\"url\":\"https:\\\/\\\/hostalomama.cl\\\/\",\"name\":\"Hostal Omama Traigu\u00e9n\",\"description\":\"Hospedaje en Traigu\u00e9n\",\"publisher\":{\"@id\":\"https:\\\/\\\/hostalomama.cl\\\/#organization\"},\"potentialAction\":[{\"@type\":\"SearchAction\",\"target\":{\"@type\":\"EntryPoint\",\"urlTemplate\":\"https:\\\/\\\/hostalomama.cl\\\/?s={search_term_string}\"},\"query-input\":{\"@type\":\"PropertyValueSpecification\",\"valueRequired\":true,\"valueName\":\"search_term_string\"}}],\"inLanguage\":\"es\"},{\"@type\":\"Organization\",\"@id\":\"https:\\\/\\\/hostalomama.cl\\\/#organization\",\"name\":\"Hostal Omama Traigu\u00e9n\",\"url\":\"https:\\\/\\\/hostalomama.cl\\\/\",\"logo\":{\"@type\":\"ImageObject\",\"inLanguage\":\"es\",\"@id\":\"https:\\\/\\\/hostalomama.cl\\\/#\\\/schema\\\/logo\\\/image\\\/\",\"url\":\"https:\\\/\\\/hostalomama.cl\\\/wp-content\\\/uploads\\\/2024\\\/10\\\/cropped-Logo-Hostal-Omama-4.png\",\"contentUrl\":\"https:\\\/\\\/hostalomama.cl\\\/wp-content\\\/uploads\\\/2024\\\/10\\\/cropped-Logo-Hostal-Omama-4.png\",\"width\":468,\"height\":290,\"caption\":\"Hostal Omama Traigu\u00e9n\"},\"image\":{\"@id\":\"https:\\\/\\\/hostalomama.cl\\\/#\\\/schema\\\/logo\\\/image\\\/\"}}]}<\/script>\n<!-- \/ Yoast SEO plugin. -->","yoast_head_json":{"title":"Nosotros - Hostal Omama Traigu\u00e9n","robots":{"index":"index","follow":"follow","max-snippet":"max-snippet:-1","max-image-preview":"max-image-preview:large","max-video-preview":"max-video-preview:-1"},"canonical":"https:\/\/hostalomama.cl\/index.php\/nosotros\/","og_locale":"es_ES","og_type":"article","og_title":"Nosotros - Hostal Omama Traigu\u00e9n","og_description":"Hostal Omama Mi casa es tu casa La idea de este hostal nace del cari\u00f1o y hospitalidad de mis padres, quienes siempre recibieron con los brazos abiertos a visitas, parientes y amigos, encantados por la naturaleza y la tranquilidad que ofrece la ciudad de Traigu\u00e9n. Desde 2023, que mi mam\u00e1 ya no est\u00e1 con nosotros, &hellip; Leer m\u00e1s \u00abNosotros\u00bb","og_url":"https:\/\/hostalomama.cl\/index.php\/nosotros\/","og_site_name":"Hostal Omama Traigu\u00e9n","article_modified_time":"2024-10-25T12:21:35+00:00","og_image":[{"width":1024,"height":576,"url":"https:\/\/hostalomama.cl\/wp-content\/uploads\/2023\/12\/Imagen-de-WhatsApp-2023-12-08-a-las-13.18.22_7a63bb99.jpg","type":"image\/jpeg"}],"twitter_card":"summary_large_image","twitter_misc":{"Tiempo de lectura":"3 minutos"},"schema":{"@context":"https:\/\/schema.org","@graph":[{"@type":"WebPage","@id":"https:\/\/hostalomama.cl\/index.php\/nosotros\/","url":"https:\/\/hostalomama.cl\/index.php\/nosotros\/","name":"Nosotros - Hostal Omama Traigu\u00e9n","isPartOf":{"@id":"https:\/\/hostalomama.cl\/#website"},"primaryImageOfPage":{"@id":"https:\/\/hostalomama.cl\/index.php\/nosotros\/#primaryimage"},"image":{"@id":"https:\/\/hostalomama.cl\/index.php\/nosotros\/#primaryimage"},"thumbnailUrl":"https:\/\/hostalomama.cl\/wp-content\/uploads\/2023\/12\/Imagen-de-WhatsApp-2023-12-08-a-las-13.18.22_7a63bb99.jpg","datePublished":"2023-12-05T00:33:26+00:00","dateModified":"2024-10-25T12:21:35+00:00","breadcrumb":{"@id":"https:\/\/hostalomama.cl\/index.php\/nosotros\/#breadcrumb"},"inLanguage":"es","potentialAction":[{"@type":"ReadAction","target":["https:\/\/hostalomama.cl\/index.php\/nosotros\/"]}]},{"@type":"ImageObject","inLanguage":"es","@id":"https:\/\/hostalomama.cl\/index.php\/nosotros\/#primaryimage","url":"https:\/\/hostalomama.cl\/wp-content\/uploads\/2023\/12\/Imagen-de-WhatsApp-2023-12-08-a-las-13.18.22_7a63bb99.jpg","contentUrl":"https:\/\/hostalomama.cl\/wp-content\/uploads\/2023\/12\/Imagen-de-WhatsApp-2023-12-08-a-las-13.18.22_7a63bb99.jpg","width":1024,"height":576},{"@type":"BreadcrumbList","@id":"https:\/\/hostalomama.cl\/index.php\/nosotros\/#breadcrumb","itemListElement":[{"@type":"ListItem","position":1,"name":"Portada","item":"https:\/\/hostalomama.cl\/"},{"@type":"ListItem","position":2,"name":"Nosotros"}]},{"@type":"WebSite","@id":"https:\/\/hostalomama.cl\/#website","url":"https:\/\/hostalomama.cl\/","name":"Hostal Omama Traigu\u00e9n","description":"Hospedaje en Traigu\u00e9n","publisher":{"@id":"https:\/\/hostalomama.cl\/#organization"},"potentialAction":[{"@type":"SearchAction","target":{"@type":"EntryPoint","urlTemplate":"https:\/\/hostalomama.cl\/?s={search_term_string}"},"query-input":{"@type":"PropertyValueSpecification","valueRequired":true,"valueName":"search_term_string"}}],"inLanguage":"es"},{"@type":"Organization","@id":"https:\/\/hostalomama.cl\/#organization","name":"Hostal Omama Traigu\u00e9n","url":"https:\/\/hostalomama.cl\/","logo":{"@type":"ImageObject","inLanguage":"es","@id":"https:\/\/hostalomama.cl\/#\/schema\/logo\/image\/","url":"https:\/\/hostalomama.cl\/wp-content\/uploads\/2024\/10\/cropped-Logo-Hostal-Omama-4.png","contentUrl":"https:\/\/hostalomama.cl\/wp-content\/uploads\/2024\/10\/cropped-Logo-Hostal-Omama-4.png","width":468,"height":290,"caption":"Hostal Omama Traigu\u00e9n"},"image":{"@id":"https:\/\/hostalomama.cl\/#\/schema\/logo\/image\/"}}]}},"featured_media_urls":{"thumbnail":["https:\/\/hostalomama.cl\/wp-content\/uploads\/2023\/12\/Imagen-de-WhatsApp-2023-12-08-a-las-13.18.22_7a63bb99-150x150.jpg",150,150,true],"medium":["https:\/\/hostalomama.cl\/wp-content\/uploads\/2023\/12\/Imagen-de-WhatsApp-2023-12-08-a-las-13.18.22_7a63bb99-300x169.jpg",300,169,true],"medium_large":["https:\/\/hostalomama.cl\/wp-content\/uploads\/2023\/12\/Imagen-de-WhatsApp-2023-12-08-a-las-13.18.22_7a63bb99.jpg",768,432,false],"large":["https:\/\/hostalomama.cl\/wp-content\/uploads\/2023\/12\/Imagen-de-WhatsApp-2023-12-08-a-las-13.18.22_7a63bb99.jpg",950,534,false],"1536x1536":["https:\/\/hostalomama.cl\/wp-content\/uploads\/2023\/12\/Imagen-de-WhatsApp-2023-12-08-a-las-13.18.22_7a63bb99.jpg",1024,576,false],"2048x2048":["https:\/\/hostalomama.cl\/wp-content\/uploads\/2023\/12\/Imagen-de-WhatsApp-2023-12-08-a-las-13.18.22_7a63bb99.jpg",1024,576,false],"inspiro-featured-image":["https:\/\/hostalomama.cl\/wp-content\/uploads\/2023\/12\/Imagen-de-WhatsApp-2023-12-08-a-las-13.18.22_7a63bb99.jpg",1024,576,false],"inspiro-loop":["https:\/\/hostalomama.cl\/wp-content\/uploads\/2023\/12\/Imagen-de-WhatsApp-2023-12-08-a-las-13.18.22_7a63bb99-950x320.jpg",950,320,true],"inspiro-loop@2x":["https:\/\/hostalomama.cl\/wp-content\/uploads\/2023\/12\/Imagen-de-WhatsApp-2023-12-08-a-las-13.18.22_7a63bb99.jpg",1024,576,false],"portfolio_item-thumbnail":["https:\/\/hostalomama.cl\/wp-content\/uploads\/2023\/12\/Imagen-de-WhatsApp-2023-12-08-a-las-13.18.22_7a63bb99-600x400.jpg",600,400,true],"portfolio_item-thumbnail@2x":["https:\/\/hostalomama.cl\/wp-content\/uploads\/2023\/12\/Imagen-de-WhatsApp-2023-12-08-a-las-13.18.22_7a63bb99.jpg",1024,576,false],"portfolio_item-masonry":["https:\/\/hostalomama.cl\/wp-content\/uploads\/2023\/12\/Imagen-de-WhatsApp-2023-12-08-a-las-13.18.22_7a63bb99-600x338.jpg",600,338,true],"portfolio_item-masonry@2x":["https:\/\/hostalomama.cl\/wp-content\/uploads\/2023\/12\/Imagen-de-WhatsApp-2023-12-08-a-las-13.18.22_7a63bb99.jpg",1024,576,false],"portfolio_item-thumbnail_cinema":["https:\/\/hostalomama.cl\/wp-content\/uploads\/2023\/12\/Imagen-de-WhatsApp-2023-12-08-a-las-13.18.22_7a63bb99-800x335.jpg",800,335,true],"portfolio_item-thumbnail_portrait":["https:\/\/hostalomama.cl\/wp-content\/uploads\/2023\/12\/Imagen-de-WhatsApp-2023-12-08-a-las-13.18.22_7a63bb99-600x576.jpg",600,576,true],"portfolio_item-thumbnail_portrait@2x":["https:\/\/hostalomama.cl\/wp-content\/uploads\/2023\/12\/Imagen-de-WhatsApp-2023-12-08-a-las-13.18.22_7a63bb99.jpg",1024,576,false],"portfolio_item-thumbnail_square":["https:\/\/hostalomama.cl\/wp-content\/uploads\/2023\/12\/Imagen-de-WhatsApp-2023-12-08-a-las-13.18.22_7a63bb99-800x576.jpg",800,576,true]},"_links":{"self":[{"href":"https:\/\/hostalomama.cl\/index.php\/wp-json\/wp\/v2\/pages\/25","targetHints":{"allow":["GET"]}}],"collection":[{"href":"https:\/\/hostalomama.cl\/index.php\/wp-json\/wp\/v2\/pages"}],"about":[{"href":"https:\/\/hostalomama.cl\/index.php\/wp-json\/wp\/v2\/types\/page"}],"author":[{"embeddable":true,"href":"https:\/\/hostalomama.cl\/index.php\/wp-json\/wp\/v2\/users\/1"}],"replies":[{"embeddable":true,"href":"https:\/\/hostalomama.cl\/index.php\/wp-json\/wp\/v2\/comments?post=25"}],"version-history":[{"count":25,"href":"https:\/\/hostalomama.cl\/index.php\/wp-json\/wp\/v2\/pages\/25\/revisions"}],"predecessor-version":[{"id":356,"href":"https:\/\/hostalomama.cl\/index.php\/wp-json\/wp\/v2\/pages\/25\/revisions\/356"}],"wp:featuredmedia":[{"embeddable":true,"href":"https:\/\/hostalomama.cl\/index.php\/wp-json\/wp\/v2\/media\/91"}],"wp:attachment":[{"href":"https:\/\/hostalomama.cl\/index.php\/wp-json\/wp\/v2\/media?parent=25"}],"curies":[{"name":"wp","href":"https:\/\/api.w.org\/{rel}","templated":true}]}}