{"id":128,"date":"2023-12-09T18:01:14","date_gmt":"2023-12-09T18:01:14","guid":{"rendered":"https:\/\/hostalomama.cl\/?page_id=128"},"modified":"2024-10-24T18:53:32","modified_gmt":"2024-10-24T18:53:32","slug":"contacto","status":"publish","type":"page","link":"https:\/\/hostalomama.cl\/index.php\/contacto\/","title":{"rendered":"Contacto"},"content":{"rendered":"\t\t<div data-elementor-type=\"wp-page\" data-elementor-id=\"128\" class=\"elementor elementor-128\" data-elementor-post-type=\"page\">\n\t\t\t\t<div class=\"elementor-element elementor-element-73b22d8 e-flex e-con-boxed e-con e-parent\" data-id=\"73b22d8\" data-element_type=\"container\" data-e-type=\"container\">\n\t\t\t\t\t<div class=\"e-con-inner\">\n\t\t<div class=\"elementor-element elementor-element-8ba0845 e-con-full e-flex e-con e-child\" data-id=\"8ba0845\" data-element_type=\"container\" data-e-type=\"container\">\n\t\t\t\t<div class=\"elementor-element elementor-element-5d34a79 elementor-widget elementor-widget-wpforms\" data-id=\"5d34a79\" data-element_type=\"widget\" data-e-type=\"widget\" data-widget_type=\"wpforms.default\">\n\t\t\t\t<div class=\"elementor-widget-container\">\n\t\t\t\t\t<style id=\"wpforms-css-vars-elementor-widget-5d34a79\">\n\t\t\t\t.elementor-widget-wpforms.elementor-element-5d34a79 {\n\t\t\t\t--wpforms-button-background-color: #B3D7DB;\n\t\t\t}\n\t\t\t<\/style><div class=\"wpforms-container wpforms-container-full wpforms-render-modern\" id=\"wpforms-73\"><form id=\"wpforms-form-73\" class=\"wpforms-validate wpforms-form wpforms-ajax-form\" data-formid=\"73\" method=\"post\" enctype=\"multipart\/form-data\" action=\"\/index.php\/wp-json\/wp\/v2\/pages\/128\" data-token=\"d320a1135f713e1cc0ec99a38e215040\" data-token-time=\"1776698632\"><noscript class=\"wpforms-error-noscript\">Por favor, activa JavaScript en tu navegador para completar este formulario.<\/noscript><div id=\"wpforms-error-noscript\" style=\"display: none;\">Por favor, activa JavaScript en tu navegador para completar este formulario.<\/div><div class=\"wpforms-field-container\"><div id=\"wpforms-73-field_0-container\" class=\"wpforms-field wpforms-field-name\" data-field-id=\"0\"><fieldset><legend class=\"wpforms-field-label\">Nombre <span class=\"wpforms-required-label\" aria-hidden=\"true\">*<\/span><\/legend><div class=\"wpforms-field-row wpforms-field-medium\"><div class=\"wpforms-field-row-block wpforms-first wpforms-one-half\"><input type=\"text\" id=\"wpforms-73-field_0\" class=\"wpforms-field-name-first wpforms-field-required\" name=\"wpforms[fields][0][first]\" aria-errormessage=\"wpforms-73-field_0-error\" required><label for=\"wpforms-73-field_0\" class=\"wpforms-field-sublabel after\">Nombre<\/label><\/div><div class=\"wpforms-field-row-block wpforms-one-half\"><input type=\"text\" id=\"wpforms-73-field_0-last\" class=\"wpforms-field-name-last wpforms-field-required\" name=\"wpforms[fields][0][last]\" aria-errormessage=\"wpforms-73-field_0-last-error\" required><label for=\"wpforms-73-field_0-last\" class=\"wpforms-field-sublabel after\">Apellidos<\/label><\/div><\/div><\/fieldset><\/div><div id=\"wpforms-73-field_1-container\" class=\"wpforms-field wpforms-field-email\" data-field-id=\"1\"><label class=\"wpforms-field-label\" for=\"wpforms-73-field_1\">Correo electr\u00f3nico <span class=\"wpforms-required-label\" aria-hidden=\"true\">*<\/span><\/label><input type=\"email\" id=\"wpforms-73-field_1\" class=\"wpforms-field-medium wpforms-field-required\" name=\"wpforms[fields][1]\" spellcheck=\"false\" aria-errormessage=\"wpforms-73-field_1-error\" required><\/div><div id=\"wpforms-73-field_2-container\" class=\"wpforms-field wpforms-field-textarea\" data-field-id=\"2\"><label class=\"wpforms-field-label\" for=\"wpforms-73-field_2\">Comentario o mensaje<\/label><textarea id=\"wpforms-73-field_2\" class=\"wpforms-field-medium\" name=\"wpforms[fields][2]\" aria-errormessage=\"wpforms-73-field_2-error\" ><\/textarea><\/div><\/div><!-- .wpforms-field-container --><div class=\"wpforms-submit-container\" ><input type=\"hidden\" name=\"wpforms[id]\" value=\"73\"><input type=\"hidden\" name=\"page_title\" value=\"\"><input type=\"hidden\" name=\"page_url\" value=\"https:\/\/hostalomama.cl\/index.php\/wp-json\/wp\/v2\/pages\/128\"><input type=\"hidden\" name=\"url_referer\" value=\"\"><button type=\"submit\" name=\"wpforms[submit]\" id=\"wpforms-submit-73\" class=\"wpforms-submit\" data-alt-text=\"Enviando...\" data-submit-text=\"Enviar\" aria-live=\"assertive\" value=\"wpforms-submit\">Enviar<\/button><img decoding=\"async\" src=\"https:\/\/hostalomama.cl\/wp-content\/plugins\/wpforms-lite\/assets\/images\/submit-spin.svg\" class=\"wpforms-submit-spinner\" style=\"display: none;\" width=\"26\" height=\"26\" alt=\"Cargando\"><\/div><\/form><\/div>  <!-- .wpforms-container -->\t\t\t\t<\/div>\n\t\t\t\t<\/div>\n\t\t\t\t<\/div>\n\t\t<div class=\"elementor-element elementor-element-4d90ac5 e-con-full e-flex e-con e-child\" data-id=\"4d90ac5\" data-element_type=\"container\" data-e-type=\"container\">\n\t\t\t\t<div class=\"elementor-element elementor-element-22f551d elementor-widget elementor-widget-heading\" data-id=\"22f551d\" data-element_type=\"widget\" data-e-type=\"widget\" data-widget_type=\"heading.default\">\n\t\t\t\t<div class=\"elementor-widget-container\">\n\t\t\t\t\t<h2 class=\"elementor-heading-title elementor-size-default\">Te esperamos<\/h2>\t\t\t\t<\/div>\n\t\t\t\t<\/div>\n\t\t\t\t<div class=\"elementor-element elementor-element-aeb82c2 elementor-widget elementor-widget-text-editor\" data-id=\"aeb82c2\" data-element_type=\"widget\" data-e-type=\"widget\" data-widget_type=\"text-editor.default\">\n\t\t\t\t<div class=\"elementor-widget-container\">\n\t\t\t\t\t\t\t\t\t<p>Env\u00edanos un mensaje por correo<br>o directamente a trav\u00e9s de Whatsapp<\/p>\t\t\t\t\t\t\t\t<\/div>\n\t\t\t\t<\/div>\n\t\t\t\t<div class=\"elementor-element elementor-element-c0f7fa5 elementor-align-center elementor-widget elementor-widget-button\" data-id=\"c0f7fa5\" data-element_type=\"widget\" data-e-type=\"widget\" data-widget_type=\"button.default\">\n\t\t\t\t<div class=\"elementor-widget-container\">\n\t\t\t\t\t\t\t\t\t<div class=\"elementor-button-wrapper\">\n\t\t\t\t\t<a class=\"elementor-button elementor-button-link elementor-size-sm\" href=\"http:\/\/wa.me\/56982200539\" target=\"_blank\">\n\t\t\t\t\t\t<span class=\"elementor-button-content-wrapper\">\n\t\t\t\t\t\t<span class=\"elementor-button-icon\">\n\t\t\t\t<svg aria-hidden=\"true\" class=\"e-font-icon-svg e-fab-whatsapp\" viewBox=\"0 0 448 512\" xmlns=\"http:\/\/www.w3.org\/2000\/svg\"><path d=\"M380.9 97.1C339 55.1 283.2 32 223.9 32c-122.4 0-222 99.6-222 222 0 39.1 10.2 77.3 29.6 111L0 480l117.7-30.9c32.4 17.7 68.9 27 106.1 27h.1c122.3 0 224.1-99.6 224.1-222 0-59.3-25.2-115-67.1-157zm-157 341.6c-33.2 0-65.7-8.9-94-25.7l-6.7-4-69.8 18.3L72 359.2l-4.4-7c-18.5-29.4-28.2-63.3-28.2-98.2 0-101.7 82.8-184.5 184.6-184.5 49.3 0 95.6 19.2 130.4 54.1 34.8 34.9 56.2 81.2 56.1 130.5 0 101.8-84.9 184.6-186.6 184.6zm101.2-138.2c-5.5-2.8-32.8-16.2-37.9-18-5.1-1.9-8.8-2.8-12.5 2.8-3.7 5.6-14.3 18-17.6 21.8-3.2 3.7-6.5 4.2-12 1.4-32.6-16.3-54-29.1-75.5-66-5.7-9.8 5.7-9.1 16.3-30.3 1.8-3.7.9-6.9-.5-9.7-1.4-2.8-12.5-30.1-17.1-41.2-4.5-10.8-9.1-9.3-12.5-9.5-3.2-.2-6.9-.2-10.6-.2-3.7 0-9.7 1.4-14.8 6.9-5.1 5.6-19.4 19-19.4 46.3 0 27.3 19.9 53.7 22.6 57.4 2.8 3.7 39.1 59.7 94.8 83.8 35.2 15.2 49 16.5 66.6 13.9 10.7-1.6 32.8-13.4 37.4-26.4 4.6-13 4.6-24.1 3.2-26.4-1.3-2.5-5-3.9-10.5-6.6z\"><\/path><\/svg>\t\t\t<\/span>\n\t\t\t\t\t\t\t\t\t<span class=\"elementor-button-text\">Reservar<\/span>\n\t\t\t\t\t<\/span>\n\t\t\t\t\t<\/a>\n\t\t\t\t<\/div>\n\t\t\t\t\t\t\t\t<\/div>\n\t\t\t\t<\/div>\n\t\t\t\t<\/div>\n\t\t\t\t\t<\/div>\n\t\t\t\t<\/div>\n\t\t<div class=\"elementor-element elementor-element-faea7c5 e-flex e-con-boxed e-con e-parent\" data-id=\"faea7c5\" data-element_type=\"container\" data-e-type=\"container\">\n\t\t\t\t\t<div class=\"e-con-inner\">\n\t\t\t\t<div class=\"elementor-element elementor-element-fb18d5c elementor-widget elementor-widget-google_maps\" data-id=\"fb18d5c\" data-element_type=\"widget\" data-e-type=\"widget\" data-widget_type=\"google_maps.default\">\n\t\t\t\t<div class=\"elementor-widget-container\">\n\t\t\t\t\t\t\t<div class=\"elementor-custom-embed\">\n\t\t\t<iframe loading=\"lazy\"\n\t\t\t\t\tsrc=\"https:\/\/maps.google.com\/maps?q=General%20Cruz%20810%2C%20Traiguen&#038;t=m&#038;z=16&#038;output=embed&#038;iwloc=near\"\n\t\t\t\t\ttitle=\"General Cruz 810, Traiguen\"\n\t\t\t\t\taria-label=\"General Cruz 810, Traiguen\"\n\t\t\t><\/iframe>\n\t\t<\/div>\n\t\t\t\t\t\t<\/div>\n\t\t\t\t<\/div>\n\t\t\t\t\t<\/div>\n\t\t\t\t<\/div>\n\t\t\t\t<\/div>\n\t\t","protected":false},"excerpt":{"rendered":"<p>Por favor, activa JavaScript en tu navegador para completar este formulario.Por favor, activa JavaScript en tu navegador para completar este formulario. Nombre * NombreApellidos Correo electr\u00f3nico *Comentario o mensaje Enviar Te esperamos Env\u00edanos un mensaje por correoo directamente a trav\u00e9s de Whatsapp Reservar<\/p>\n","protected":false},"author":1,"featured_media":144,"parent":0,"menu_order":0,"comment_status":"closed","ping_status":"closed","template":"","meta":{"footnotes":""},"class_list":["post-128","page","type-page","status-publish","has-post-thumbnail","hentry"],"yoast_head":"<!-- This site is optimized with the Yoast SEO plugin v27.4 - https:\/\/yoast.com\/product\/yoast-seo-wordpress\/ -->\n<title>Contacto - Hostal Omama Traigu\u00e9n<\/title>\n<meta name=\"robots\" content=\"index, follow, max-snippet:-1, max-image-preview:large, max-video-preview:-1\" \/>\n<link rel=\"canonical\" href=\"https:\/\/hostalomama.cl\/index.php\/contacto\/\" \/>\n<meta property=\"og:locale\" content=\"es_ES\" \/>\n<meta property=\"og:type\" content=\"article\" \/>\n<meta property=\"og:title\" content=\"Contacto - Hostal Omama Traigu\u00e9n\" \/>\n<meta property=\"og:description\" content=\"Por favor, activa JavaScript en tu navegador para completar este formulario.Por favor, activa JavaScript en tu navegador para completar este formulario. Nombre * NombreApellidos Correo electr\u00f3nico *Comentario o mensaje Enviar Te esperamos Env\u00edanos un mensaje por correoo directamente a trav\u00e9s de Whatsapp Reservar\" \/>\n<meta property=\"og:url\" content=\"https:\/\/hostalomama.cl\/index.php\/contacto\/\" \/>\n<meta property=\"og:site_name\" content=\"Hostal Omama Traigu\u00e9n\" \/>\n<meta property=\"article:modified_time\" content=\"2024-10-24T18:53:32+00:00\" \/>\n<meta property=\"og:image\" content=\"https:\/\/hostalomama.cl\/wp-content\/uploads\/2023\/12\/contactoenca.jpg\" \/>\n\t<meta property=\"og:image:width\" content=\"1200\" \/>\n\t<meta property=\"og:image:height\" content=\"495\" \/>\n\t<meta property=\"og:image:type\" content=\"image\/jpeg\" \/>\n<meta name=\"twitter:card\" content=\"summary_large_image\" \/>\n<meta name=\"twitter:label1\" content=\"Tiempo de lectura\" \/>\n\t<meta name=\"twitter:data1\" content=\"1 minuto\" \/>\n<script type=\"application\/ld+json\" class=\"yoast-schema-graph\">{\"@context\":\"https:\\\/\\\/schema.org\",\"@graph\":[{\"@type\":\"WebPage\",\"@id\":\"https:\\\/\\\/hostalomama.cl\\\/index.php\\\/contacto\\\/\",\"url\":\"https:\\\/\\\/hostalomama.cl\\\/index.php\\\/contacto\\\/\",\"name\":\"Contacto - Hostal Omama Traigu\u00e9n\",\"isPartOf\":{\"@id\":\"https:\\\/\\\/hostalomama.cl\\\/#website\"},\"primaryImageOfPage\":{\"@id\":\"https:\\\/\\\/hostalomama.cl\\\/index.php\\\/contacto\\\/#primaryimage\"},\"image\":{\"@id\":\"https:\\\/\\\/hostalomama.cl\\\/index.php\\\/contacto\\\/#primaryimage\"},\"thumbnailUrl\":\"https:\\\/\\\/hostalomama.cl\\\/wp-content\\\/uploads\\\/2023\\\/12\\\/contactoenca.jpg\",\"datePublished\":\"2023-12-09T18:01:14+00:00\",\"dateModified\":\"2024-10-24T18:53:32+00:00\",\"breadcrumb\":{\"@id\":\"https:\\\/\\\/hostalomama.cl\\\/index.php\\\/contacto\\\/#breadcrumb\"},\"inLanguage\":\"es\",\"potentialAction\":[{\"@type\":\"ReadAction\",\"target\":[\"https:\\\/\\\/hostalomama.cl\\\/index.php\\\/contacto\\\/\"]}]},{\"@type\":\"ImageObject\",\"inLanguage\":\"es\",\"@id\":\"https:\\\/\\\/hostalomama.cl\\\/index.php\\\/contacto\\\/#primaryimage\",\"url\":\"https:\\\/\\\/hostalomama.cl\\\/wp-content\\\/uploads\\\/2023\\\/12\\\/contactoenca.jpg\",\"contentUrl\":\"https:\\\/\\\/hostalomama.cl\\\/wp-content\\\/uploads\\\/2023\\\/12\\\/contactoenca.jpg\",\"width\":1200,\"height\":495},{\"@type\":\"BreadcrumbList\",\"@id\":\"https:\\\/\\\/hostalomama.cl\\\/index.php\\\/contacto\\\/#breadcrumb\",\"itemListElement\":[{\"@type\":\"ListItem\",\"position\":1,\"name\":\"Portada\",\"item\":\"https:\\\/\\\/hostalomama.cl\\\/\"},{\"@type\":\"ListItem\",\"position\":2,\"name\":\"Contacto\"}]},{\"@type\":\"WebSite\",\"@id\":\"https:\\\/\\\/hostalomama.cl\\\/#website\",\"url\":\"https:\\\/\\\/hostalomama.cl\\\/\",\"name\":\"Hostal Omama Traigu\u00e9n\",\"description\":\"Hospedaje en Traigu\u00e9n\",\"publisher\":{\"@id\":\"https:\\\/\\\/hostalomama.cl\\\/#organization\"},\"potentialAction\":[{\"@type\":\"SearchAction\",\"target\":{\"@type\":\"EntryPoint\",\"urlTemplate\":\"https:\\\/\\\/hostalomama.cl\\\/?s={search_term_string}\"},\"query-input\":{\"@type\":\"PropertyValueSpecification\",\"valueRequired\":true,\"valueName\":\"search_term_string\"}}],\"inLanguage\":\"es\"},{\"@type\":\"Organization\",\"@id\":\"https:\\\/\\\/hostalomama.cl\\\/#organization\",\"name\":\"Hostal Omama Traigu\u00e9n\",\"url\":\"https:\\\/\\\/hostalomama.cl\\\/\",\"logo\":{\"@type\":\"ImageObject\",\"inLanguage\":\"es\",\"@id\":\"https:\\\/\\\/hostalomama.cl\\\/#\\\/schema\\\/logo\\\/image\\\/\",\"url\":\"https:\\\/\\\/hostalomama.cl\\\/wp-content\\\/uploads\\\/2024\\\/10\\\/cropped-Logo-Hostal-Omama-4.png\",\"contentUrl\":\"https:\\\/\\\/hostalomama.cl\\\/wp-content\\\/uploads\\\/2024\\\/10\\\/cropped-Logo-Hostal-Omama-4.png\",\"width\":468,\"height\":290,\"caption\":\"Hostal Omama Traigu\u00e9n\"},\"image\":{\"@id\":\"https:\\\/\\\/hostalomama.cl\\\/#\\\/schema\\\/logo\\\/image\\\/\"}}]}<\/script>\n<!-- \/ Yoast SEO plugin. -->","yoast_head_json":{"title":"Contacto - Hostal Omama Traigu\u00e9n","robots":{"index":"index","follow":"follow","max-snippet":"max-snippet:-1","max-image-preview":"max-image-preview:large","max-video-preview":"max-video-preview:-1"},"canonical":"https:\/\/hostalomama.cl\/index.php\/contacto\/","og_locale":"es_ES","og_type":"article","og_title":"Contacto - Hostal Omama Traigu\u00e9n","og_description":"Por favor, activa JavaScript en tu navegador para completar este formulario.Por favor, activa JavaScript en tu navegador para completar este formulario. Nombre * NombreApellidos Correo electr\u00f3nico *Comentario o mensaje Enviar Te esperamos Env\u00edanos un mensaje por correoo directamente a trav\u00e9s de Whatsapp Reservar","og_url":"https:\/\/hostalomama.cl\/index.php\/contacto\/","og_site_name":"Hostal Omama Traigu\u00e9n","article_modified_time":"2024-10-24T18:53:32+00:00","og_image":[{"width":1200,"height":495,"url":"https:\/\/hostalomama.cl\/wp-content\/uploads\/2023\/12\/contactoenca.jpg","type":"image\/jpeg"}],"twitter_card":"summary_large_image","twitter_misc":{"Tiempo de lectura":"1 minuto"},"schema":{"@context":"https:\/\/schema.org","@graph":[{"@type":"WebPage","@id":"https:\/\/hostalomama.cl\/index.php\/contacto\/","url":"https:\/\/hostalomama.cl\/index.php\/contacto\/","name":"Contacto - Hostal Omama Traigu\u00e9n","isPartOf":{"@id":"https:\/\/hostalomama.cl\/#website"},"primaryImageOfPage":{"@id":"https:\/\/hostalomama.cl\/index.php\/contacto\/#primaryimage"},"image":{"@id":"https:\/\/hostalomama.cl\/index.php\/contacto\/#primaryimage"},"thumbnailUrl":"https:\/\/hostalomama.cl\/wp-content\/uploads\/2023\/12\/contactoenca.jpg","datePublished":"2023-12-09T18:01:14+00:00","dateModified":"2024-10-24T18:53:32+00:00","breadcrumb":{"@id":"https:\/\/hostalomama.cl\/index.php\/contacto\/#breadcrumb"},"inLanguage":"es","potentialAction":[{"@type":"ReadAction","target":["https:\/\/hostalomama.cl\/index.php\/contacto\/"]}]},{"@type":"ImageObject","inLanguage":"es","@id":"https:\/\/hostalomama.cl\/index.php\/contacto\/#primaryimage","url":"https:\/\/hostalomama.cl\/wp-content\/uploads\/2023\/12\/contactoenca.jpg","contentUrl":"https:\/\/hostalomama.cl\/wp-content\/uploads\/2023\/12\/contactoenca.jpg","width":1200,"height":495},{"@type":"BreadcrumbList","@id":"https:\/\/hostalomama.cl\/index.php\/contacto\/#breadcrumb","itemListElement":[{"@type":"ListItem","position":1,"name":"Portada","item":"https:\/\/hostalomama.cl\/"},{"@type":"ListItem","position":2,"name":"Contacto"}]},{"@type":"WebSite","@id":"https:\/\/hostalomama.cl\/#website","url":"https:\/\/hostalomama.cl\/","name":"Hostal Omama Traigu\u00e9n","description":"Hospedaje en Traigu\u00e9n","publisher":{"@id":"https:\/\/hostalomama.cl\/#organization"},"potentialAction":[{"@type":"SearchAction","target":{"@type":"EntryPoint","urlTemplate":"https:\/\/hostalomama.cl\/?s={search_term_string}"},"query-input":{"@type":"PropertyValueSpecification","valueRequired":true,"valueName":"search_term_string"}}],"inLanguage":"es"},{"@type":"Organization","@id":"https:\/\/hostalomama.cl\/#organization","name":"Hostal Omama Traigu\u00e9n","url":"https:\/\/hostalomama.cl\/","logo":{"@type":"ImageObject","inLanguage":"es","@id":"https:\/\/hostalomama.cl\/#\/schema\/logo\/image\/","url":"https:\/\/hostalomama.cl\/wp-content\/uploads\/2024\/10\/cropped-Logo-Hostal-Omama-4.png","contentUrl":"https:\/\/hostalomama.cl\/wp-content\/uploads\/2024\/10\/cropped-Logo-Hostal-Omama-4.png","width":468,"height":290,"caption":"Hostal Omama Traigu\u00e9n"},"image":{"@id":"https:\/\/hostalomama.cl\/#\/schema\/logo\/image\/"}}]}},"featured_media_urls":{"thumbnail":["https:\/\/hostalomama.cl\/wp-content\/uploads\/2023\/12\/contactoenca-150x150.jpg",150,150,true],"medium":["https:\/\/hostalomama.cl\/wp-content\/uploads\/2023\/12\/contactoenca-300x124.jpg",300,124,true],"medium_large":["https:\/\/hostalomama.cl\/wp-content\/uploads\/2023\/12\/contactoenca.jpg",768,317,false],"large":["https:\/\/hostalomama.cl\/wp-content\/uploads\/2023\/12\/contactoenca-1024x422.jpg",950,392,true],"1536x1536":["https:\/\/hostalomama.cl\/wp-content\/uploads\/2023\/12\/contactoenca.jpg",1200,495,false],"2048x2048":["https:\/\/hostalomama.cl\/wp-content\/uploads\/2023\/12\/contactoenca.jpg",1200,495,false],"inspiro-featured-image":["https:\/\/hostalomama.cl\/wp-content\/uploads\/2023\/12\/contactoenca.jpg",1200,495,false],"inspiro-loop":["https:\/\/hostalomama.cl\/wp-content\/uploads\/2023\/12\/contactoenca-950x320.jpg",950,320,true],"inspiro-loop@2x":["https:\/\/hostalomama.cl\/wp-content\/uploads\/2023\/12\/contactoenca.jpg",1200,495,false],"portfolio_item-thumbnail":["https:\/\/hostalomama.cl\/wp-content\/uploads\/2023\/12\/contactoenca-600x400.jpg",600,400,true],"portfolio_item-thumbnail@2x":["https:\/\/hostalomama.cl\/wp-content\/uploads\/2023\/12\/contactoenca.jpg",1200,495,false],"portfolio_item-masonry":["https:\/\/hostalomama.cl\/wp-content\/uploads\/2023\/12\/contactoenca-600x248.jpg",600,248,true],"portfolio_item-masonry@2x":["https:\/\/hostalomama.cl\/wp-content\/uploads\/2023\/12\/contactoenca.jpg",1200,495,false],"portfolio_item-thumbnail_cinema":["https:\/\/hostalomama.cl\/wp-content\/uploads\/2023\/12\/contactoenca-800x335.jpg",800,335,true],"portfolio_item-thumbnail_portrait":["https:\/\/hostalomama.cl\/wp-content\/uploads\/2023\/12\/contactoenca-600x495.jpg",600,495,true],"portfolio_item-thumbnail_portrait@2x":["https:\/\/hostalomama.cl\/wp-content\/uploads\/2023\/12\/contactoenca.jpg",1200,495,false],"portfolio_item-thumbnail_square":["https:\/\/hostalomama.cl\/wp-content\/uploads\/2023\/12\/contactoenca-800x495.jpg",800,495,true]},"_links":{"self":[{"href":"https:\/\/hostalomama.cl\/index.php\/wp-json\/wp\/v2\/pages\/128","targetHints":{"allow":["GET"]}}],"collection":[{"href":"https:\/\/hostalomama.cl\/index.php\/wp-json\/wp\/v2\/pages"}],"about":[{"href":"https:\/\/hostalomama.cl\/index.php\/wp-json\/wp\/v2\/types\/page"}],"author":[{"embeddable":true,"href":"https:\/\/hostalomama.cl\/index.php\/wp-json\/wp\/v2\/users\/1"}],"replies":[{"embeddable":true,"href":"https:\/\/hostalomama.cl\/index.php\/wp-json\/wp\/v2\/comments?post=128"}],"version-history":[{"count":33,"href":"https:\/\/hostalomama.cl\/index.php\/wp-json\/wp\/v2\/pages\/128\/revisions"}],"predecessor-version":[{"id":286,"href":"https:\/\/hostalomama.cl\/index.php\/wp-json\/wp\/v2\/pages\/128\/revisions\/286"}],"wp:featuredmedia":[{"embeddable":true,"href":"https:\/\/hostalomama.cl\/index.php\/wp-json\/wp\/v2\/media\/144"}],"wp:attachment":[{"href":"https:\/\/hostalomama.cl\/index.php\/wp-json\/wp\/v2\/media?parent=128"}],"curies":[{"name":"wp","href":"https:\/\/api.w.org\/{rel}","templated":true}]}}